{"id":2062,"date":"2024-04-22T12:23:35","date_gmt":"2024-04-22T10:23:35","guid":{"rendered":"https:\/\/www.larodaskates.com\/?page_id=2062"},"modified":"2024-05-07T15:14:45","modified_gmt":"2024-05-07T13:14:45","slug":"politica-de-privacidad","status":"publish","type":"page","link":"https:\/\/www.larodaskates.com\/es\/politica-de-privacidad\/","title":{"rendered":"Pol\u00edtica de privacidad"},"content":{"rendered":"<div class=\"fusion-fullwidth fullwidth-box fusion-builder-row-1 fusion-flex-container has-pattern-background has-mask-background nonhundred-percent-fullwidth non-hundred-percent-height-scrolling\" style=\"--awb-border-radius-top-left:0px;--awb-border-radius-top-right:0px;--awb-border-radius-bottom-right:0px;--awb-border-radius-bottom-left:0px;--awb-background-color:var(--awb-color1);--awb-flex-wrap:wrap;\" ><div class=\"fusion-builder-row fusion-row fusion-flex-align-items-flex-start fusion-flex-content-wrap\" style=\"max-width:1248px;margin-left: calc(-4% \/ 2 );margin-right: calc(-4% \/ 2 );\"><div class=\"fusion-layout-column fusion_builder_column fusion-builder-column-0 fusion_builder_column_1_1 1_1 fusion-flex-column\" style=\"--awb-bg-size:cover;--awb-width-large:100%;--awb-margin-top-large:30px;--awb-spacing-right-large:1.92%;--awb-margin-bottom-large:20px;--awb-spacing-left-large:1.92%;--awb-width-medium:100%;--awb-order-medium:0;--awb-spacing-right-medium:1.92%;--awb-spacing-left-medium:1.92%;--awb-width-small:100%;--awb-order-small:0;--awb-spacing-right-small:1.92%;--awb-spacing-left-small:1.92%;\" data-scroll-devices=\"small-visibility,medium-visibility,large-visibility\"><div class=\"fusion-column-wrapper fusion-column-has-shadow fusion-flex-justify-content-flex-start fusion-content-layout-column\"><div class=\"fusion-text fusion-text-1\"><h2 style=\"text-align: center;\">POL\u00cdTICA DE PRIVACIDAD<\/h2>\n<p>El TITULAR de la web se compromete a proteger la privacidad de los usuarios que accedan a esta web y\/o cualquiera de sus servicios. La utilizaci\u00f3n de la web y\/o de cualquiera de los servicios ofrecidos por el TITULAR, implica la aceptaci\u00f3n por parte del Usuario de las disposiciones contenidas en la presente Pol\u00edtica de Privacidad.<\/p>\n<p>Por favor, tenga en cuenta que aunque pueda haber enlaces de nuestra web a otras webs, esta Pol\u00edtica de Privacidad no se aplica a las webs de otras compa\u00f1\u00edas u organizaciones a las que la web est\u00e9 redirigida. El TITULAR no controla el contenido de los sitios de terceros ni acepta ning\u00fan tipo de responsabilidad por el contenido o las pol\u00edticas de privacidad de estos sitios, tal y como se indica en nuestro Aviso Legal.<\/p>\n<p>En cumplimiento del Reglamento (UE) 2016\/679 del Parlamento Europeo y del Consejo, de 27 de abril de 2016, (RGPD) y la Ley Org\u00e1nica 3\/2018, de 5 de diciembre, de Protecci\u00f3n de Datos Personales y garant\u00eda de los derechos digitales (LOPDGDD), le ofrecemos la siguiente informaci\u00f3n sobre el tratamiento de sus datos personales:<\/p>\n<p>\u00bfQui\u00e9n es el responsable del tratamiento de sus datos?<\/p>\n<p>El Responsable del tratamiento de sus datos es Eduard Seoane, con CIF 40326468Q y domicilio en Carretera de la Ca\u00f1a, 93, 17800 Olot, Girona (en adelante, \u201cEduard Seoane\u201d). Nuestros datos figuran en el Aviso Legal de esta web.<\/p>\n<p>\u00bfCon qu\u00e9 finalidad tratamos sus datos personales?<\/p>\n<p>Tratamos la informaci\u00f3n que se nos facilita para prestar y facturar nuestros servicios y\/o contestar a solicitudes de informaci\u00f3n o de contacto, as\u00ed como para enviar informaci\u00f3n sobre nuestras actividades y servicios.<\/p>\n<p>\u00bfDurante cu\u00e1nto tiempo conservaremos sus datos?<\/p>\n<p>Los datos personales proporcionados se conservar\u00e1n mientras sea usuario de nuestros servicios o desee recibir informaci\u00f3n o mientras no nos solicite la supresi\u00f3n. Una vez se produzca la finalizaci\u00f3n de la relaci\u00f3n que mantiene con Eduard Seoane, los datos ser\u00e1n bloqueados hasta que transcurran los plazos de prescripci\u00f3n aplicables establecidos en la normativa legal vigente.<\/p>\n<p>\u00bfCu\u00e1l es la legitimaci\u00f3n para el tratamiento de los datos facilitados?<\/p>\n<p>La base legal para el tratamiento de sus datos para las finalidades anteriormente descrita es su consentimiento, libremente otorgado al marcar las casillas de aceptaci\u00f3n de los formularios de recogida de datos de nuestra p\u00e1gina web.<\/p>\n<p>\u00bfA qu\u00e9 destinatarios se comunicar\u00e1n los datos facilitados?<\/p>\n<p>Los datos personales del interesado podr\u00e1n ser comunicados a los siguientes destinatarios:<\/p>\n<p>Administraciones p\u00fablicas cuando as\u00ed lo establezca una disposici\u00f3n legal aplicable y juzgados y tribunales.<br \/>\nEn todas las empresas del Grupo Eduard Seoane. La identidad de las empresas del Grupo Eduard Seoane puede conocerse mediante el acceso al Aviso Legal de nuestra p\u00e1gina web www.quinzeous.com.<br \/>\nA terceros siempre que lo exija una ley o sea necesario para cumplir con la finalidad del tratamiento.<br \/>\nA proveedores que prestan servicios a Eduard Seoane relacionados con la gesti\u00f3n del servicio prestado al interesado y que tengan la condici\u00f3n de encargados del tratamiento. En cualquier caso, los terceros con los que se compartan determinados datos de car\u00e1cter personal del interesado habr\u00e1n acreditado previamente la adopci\u00f3n de medidas adecuadas para la correcta protecci\u00f3n de los mismos.<br \/>\n\u00bfCu\u00e1les son sus derechos como Interesado?<\/p>\n<p>Cualquier persona tiene derecho a obtener confirmaci\u00f3n sobre si estamos tratando datos personales que le conciernen. Las personas interesadas tienen derecho a acceder a sus datos personales, as\u00ed como a solicitar la rectificaci\u00f3n de los datos inexactos o, en su caso, solicitar su supresi\u00f3n cuando, entre otros motivos, los datos ya no sean necesarios para las finalidades para las que fueron recogidos.<\/p>\n<p>En determinados supuestos el interesado tendr\u00e1 derecho a solicitar la limitaci\u00f3n del tratamiento de los datos, en cuyo caso \u00fanicamente los conservaremos para el ejercicio o la defensa de reclamaciones.<\/p>\n<p>En determinadas circunstancias y por motivos relacionados con su particular situaci\u00f3n, los interesados \u200b\u200bpodr\u00e1n oponerse al tratamiento de los datos. En este caso, Eduard Seoane dejar\u00e1 de tratar los datos, salvo motivos imperiosos leg\u00edtimos o el ejercicio o la defensa de posibles reclamaciones.<\/p>\n<p>En cualquiera de los casos anteriores, Eduard Seoane comunicar\u00e1 cualquier rectificaci\u00f3n o supresi\u00f3n de datos personales, as\u00ed como cualquier limitaci\u00f3n de tratamiento efectuada en cada uno de los<\/p>\n<p>destinatarios a los que se les hayan comunicado los datos personales, salvo que sea o exija un esfuerzo desproporcionado. Si as\u00ed lo solicita el interesado, Eduard Seoane le informar\u00e1 sobre estos destinatarios.<\/p>\n<p>Asimismo, el interesado tendr\u00e1 derecho a recibir los datos personales que le incumban, que haya facilitado a Eduard Seoane, en un formato estructurado, de uso com\u00fan y lectura mec\u00e1nica, ya transmitirlos a otro responsable cuando el tratamiento se base en el consentimiento o en un contrato y se efect\u00fae por medios automatizados.<\/p>\n<p>El interesado tendr\u00e1 derecho a oponerse en cualquier momento, por motivos relacionados con su situaci\u00f3n particular, que datos personales que le conciernan sean objeto de un tratamiento basado en el inter\u00e9s p\u00fablico o leg\u00edtimo por Quinze Ous, o un tercero, incluida la elaboraci\u00f3n de perfiles, a fin de que Quinze Huevos deje de tratar los datos personales, salvo que \u00e9stos puedan acreditar motivos leg\u00edtimos imperiosos para el tratamiento que prevalezcan sobre los intereses, derechos y libertades del interesado, o para la formulaci\u00f3n , ejercicio o defensa de reclamaciones.<\/p>\n<p>Asimismo, el interesado tendr\u00e1 derecho a no ser objeto de una decisi\u00f3n basada \u00fanicamente en el tratamiento automatizado, incluyendo la elaboraci\u00f3n de perfiles, que produzca efectos jur\u00eddicos o le afecte significativamente, salvo que esta decisi\u00f3n sea necesaria para a la celebraci\u00f3n o ejecuci\u00f3n de un contrato con Quince Huevos y est\u00e9 autorizada por la legalidad europea o estatal vigente o se base en el consentimiento expl\u00edcito del interesado.<\/p>\n<p>Por \u00faltimo, el interesado tendr\u00e1 derecho a presentar reclamaci\u00f3n ante las autoridades de protecci\u00f3n de datos.<\/p>\n<p>\u00bfC\u00f3mo puede ejercer sus derechos?<\/p>\n<p>Los referidos derechos de acceso, rectificaci\u00f3n, supresi\u00f3n, oposici\u00f3n, portabilidad y limitaci\u00f3n, as\u00ed como si no son objeto de decisiones individuales automatizadas, podr\u00e1n ser ejercidos enviando una solicitud escrita con copia adjunta de su DNI a trav\u00e9s de la siguiente direcci\u00f3n de correo electr\u00f3nico: quinzeous@gmail.com<\/p>\n<p>\u00bfC\u00f3mo hemos obtenido sus datos?<\/p>\n<p>Los datos personales que tratamos proceden del propio interesado, que garantiza que los datos personales facilitados son ciertos y se hace responsable de comunicar cualquier modificaci\u00f3n. Los datos que deban introducirse en un campo que est\u00e9 marcado con un asterisco son obligatorios para poder prestarle el servicio solicitado.<\/p>\n<p>En caso de que haya proporcionado datos de car\u00e1cter personal de terceras personas, con la aceptaci\u00f3n de la presente pol\u00edtica de privacidad garantiza que los ha pedido l\u00edcitamente y que ha suministrado al afectado la informaci\u00f3n necesaria sobre el tratamiento de sus datos. Asimismo, usted se hace responsable de solicitar el consentimiento del afectado para la cesi\u00f3n y tratamiento de sus datos de car\u00e1cter personal por cuenta de Quinze Huevos.<\/p>\n<p>\u00bfQu\u00e9 datos tratamos?<\/p>\n<p>Las categor\u00edas de datos que podemos tratar son:<\/p>\n<p>Datos de car\u00e1cter identificativo.<br \/>\nDirecciones postales o electr\u00f3nicas.<br \/>\nTel\u00e9fono<br \/>\nFecha de nacimiento<br \/>\nDNI<\/p>\n<\/div><\/div><\/div><\/div><\/div>\n","protected":false},"excerpt":{"rendered":"","protected":false},"author":1,"featured_media":0,"parent":0,"menu_order":0,"comment_status":"closed","ping_status":"closed","template":"100-width.php","meta":{"footnotes":""},"class_list":["post-2062","page","type-page","status-publish","hentry"],"_links":{"self":[{"href":"https:\/\/www.larodaskates.com\/es\/wp-json\/wp\/v2\/pages\/2062","targetHints":{"allow":["GET"]}}],"collection":[{"href":"https:\/\/www.larodaskates.com\/es\/wp-json\/wp\/v2\/pages"}],"about":[{"href":"https:\/\/www.larodaskates.com\/es\/wp-json\/wp\/v2\/types\/page"}],"author":[{"embeddable":true,"href":"https:\/\/www.larodaskates.com\/es\/wp-json\/wp\/v2\/users\/1"}],"replies":[{"embeddable":true,"href":"https:\/\/www.larodaskates.com\/es\/wp-json\/wp\/v2\/comments?post=2062"}],"version-history":[{"count":3,"href":"https:\/\/www.larodaskates.com\/es\/wp-json\/wp\/v2\/pages\/2062\/revisions"}],"predecessor-version":[{"id":2137,"href":"https:\/\/www.larodaskates.com\/es\/wp-json\/wp\/v2\/pages\/2062\/revisions\/2137"}],"wp:attachment":[{"href":"https:\/\/www.larodaskates.com\/es\/wp-json\/wp\/v2\/media?parent=2062"}],"curies":[{"name":"wp","href":"https:\/\/api.w.org\/{rel}","templated":true}]}}