{"id":2054,"date":"2024-04-22T12:23:25","date_gmt":"2024-04-22T10:23:25","guid":{"rendered":"https:\/\/www.larodaskates.com\/?page_id=2054"},"modified":"2024-05-07T15:13:20","modified_gmt":"2024-05-07T13:13:20","slug":"aviso-legal","status":"publish","type":"page","link":"https:\/\/www.larodaskates.com\/es\/aviso-legal\/","title":{"rendered":"Av\u00edso legal"},"content":{"rendered":"<div class=\"fusion-fullwidth fullwidth-box fusion-builder-row-1 fusion-flex-container has-pattern-background has-mask-background nonhundred-percent-fullwidth non-hundred-percent-height-scrolling\" style=\"--awb-border-radius-top-left:0px;--awb-border-radius-top-right:0px;--awb-border-radius-bottom-right:0px;--awb-border-radius-bottom-left:0px;--awb-background-color:var(--awb-color1);--awb-flex-wrap:wrap;\" ><div class=\"fusion-builder-row fusion-row fusion-flex-align-items-flex-start fusion-flex-content-wrap\" style=\"max-width:1248px;margin-left: calc(-4% \/ 2 );margin-right: calc(-4% \/ 2 );\"><div class=\"fusion-layout-column fusion_builder_column fusion-builder-column-0 fusion_builder_column_1_1 1_1 fusion-flex-column\" style=\"--awb-bg-size:cover;--awb-width-large:100%;--awb-margin-top-large:30px;--awb-spacing-right-large:1.92%;--awb-margin-bottom-large:20px;--awb-spacing-left-large:1.92%;--awb-width-medium:100%;--awb-order-medium:0;--awb-spacing-right-medium:1.92%;--awb-spacing-left-medium:1.92%;--awb-width-small:100%;--awb-order-small:0;--awb-spacing-right-small:1.92%;--awb-spacing-left-small:1.92%;\" data-scroll-devices=\"small-visibility,medium-visibility,large-visibility\"><div class=\"fusion-column-wrapper fusion-column-has-shadow fusion-flex-justify-content-flex-start fusion-content-layout-column\"><div class=\"fusion-text fusion-text-1\"><h2 style=\"text-align: center;\">AVISO LEGAL<\/h2>\n<p>En cumplimiento del art\u00edculo 10 de la Ley 34\/2002, de 11 de julio, sobre Servicios de la Sociedad de la Informaci\u00f3n y Comercio Electr\u00f3nico (LSSI-CE), le informamos que el titular de la p\u00e1gina web (en adelante, la \u201cWeb\u201d) es Eduard Seoane, domiciliada en Carretera de la Ca\u00f1a, 93, 17800 Olot, Girona, con CIF 40326468Q (en adelante, \u201cEduard Seoane\u201d).<\/p>\n<p>Las comunicaciones que se hagan necesarias entre Eduard Seoane y el Usuario, tendr\u00e1n que dirigirse al Servicio de Atenci\u00f3n al Cliente mediante el env\u00edo de un correo electr\u00f3nico a larodaskates@gmail.com, llamando al n\u00famero 690022424, o bien mediante el env\u00edo de una comunicaci\u00f3n escrita dirigida a nuestro Departamento de atenci\u00f3n al cliente, en Carretera de la Ca\u00f1a, 93, 17800 Olot, Girona. Nuestro horario de atenci\u00f3n al cliente es de lunes a viernes de 8 a 19 horas.<\/p>\n<p>1. Aceptaci\u00f3n de las condiciones de uso<br \/>\n1.1. Las presentes Condiciones de Uso tienen por finalidad regular la puesta a disposici\u00f3n de la informaci\u00f3n y los productos puestos a disposici\u00f3n por Eduard Seoane a trav\u00e9s de la web.<\/p>\n<p>1.2. Al navegar por la web usted adquiere autom\u00e1ticamente la condici\u00f3n de Usuario (en adelante, \u201cUno.\u201d O \u201cUsuario\u201d) y acepta sin reservas de ninguna clase, a todas y cada una del presente Aviso Legal.<\/p>\n<p>1.3. Para empezar a utilizar la web no ser\u00e1 necesario que el Usuario se registre previamente, ni que acepte expresamente el presente Aviso Legal. Sin embargo, el Usuario es consciente de que es su obligaci\u00f3n conocer y respetar el presente Aviso Legal y nuestra Pol\u00edtica de Privacidad a partir del momento en que accede a la Web.<\/p>\n<p>1.4. Eduard Seoane podr\u00e1 modificar el presente Aviso Legal mediante la publicaci\u00f3n de estas modificaciones en la web para que puedan ser conocidas por los Usuarios.<\/p>\n<p>2. Derechos de Propiedad Intelectual e Industrial<br \/>\n2.1. Todo el contenido de la web, incluyendo a t\u00edtulo enunciativo pero no limitativo su programaci\u00f3n, edici\u00f3n, compilaci\u00f3n, dise\u00f1os, logotipos, im\u00e1genes, texto y gr\u00e1ficos son propiedad de Eduard Seoane, encontrando protegidos por la normativa nacional e internacional sobre propiedad intelectual . El acceso por parte del Usuario no le otorga ning\u00fan derecho de propiedad a las mismas.<\/p>\n<p>2.2. Si usted. Ve en la web cualquier contenido que pudiera vulnerar derechos de propiedad intelectual e industrial, rogamos lo pongan en conocimiento de Eduard Seoane lo antes posible, remitiendo un correo electr\u00f3nico a la direcci\u00f3n larodaskates@gmail.com<\/p>\n<p>3. Responsabilidad Civil<br \/>\n3.1. Eduard Seoane no responder\u00e1 de ning\u00fan da\u00f1o o perjuicio que el Usuario pueda sufrir como consecuencia de la utilizaci\u00f3n de la Web cuando pruebe que ha cumplido con las exigencias y diligencias que exige la naturaleza de la Web.<\/p>\n<p>3.2. No controlamos, a todos los efectos, la utilizaci\u00f3n que los Usuarios hacen de la Web. En particular, no garantizamos bajo ning\u00fan extremo que los Usuarios utilicen la Web y sus herramientas de conformidad con la ley, el presente Aviso Legal, la moral y buenas costumbres generalmente aceptadas y el orden p\u00fablico, ni tampoco que lo hagan de forma diligente y prudente.<\/p>\n<p>3.3. En caso de que en la web se dispusieran enlaces o hiperv\u00ednculos hacia otros sitios de Internet, no ejerceremos ning\u00fan tipo de control sobre estos sitios y contenidos. En ning\u00fan caso asumiremos responsabilidad alguna por los contenidos de alg\u00fan enlace perteneciente a una web ajena, ni garantizaremos la disponibilidad t\u00e9cnica, calidad y veracidad de cualquier material o informaci\u00f3n contenida en los mismos.<\/p>\n<p>4. Exclusi\u00f3n de Garant\u00eda<br \/>\n4.1. No garantizamos que la web se ejecute sin interrupciones, en tiempo \u00fatil, fiable, libre de errores o de virus y no nos hacemos responsable de los posibles da\u00f1os o perjuicios que puedan derivarse de interferencias, omisiones, interrupciones, virus inform\u00e1ticos o desconexiones en el sistema operativo de este sistema electr\u00f3nico, motivadas por causas ajenas a Eduard Seoane.<\/p>\n<p>4.2. Es responsabilidad del Usuario adoptar todas las medidas t\u00e9cnicas adecuadas para controlar razonablemente estos riesgos y evitar da\u00f1os en sus equipos, p\u00e9rdida de datos y robo de informaci\u00f3n confidencial. A estos efectos, deber\u00e1 tener sistemas actualizados de detecci\u00f3n de software malicioso, tales como virus, troyanos, etc., as\u00ed como tener actualizados los parches de seguridad de los correspondientes navegadores que utilice.<\/p>\n<p>5. Obligaci\u00f3n de los Usuarios<br \/>\nEl Usuario se compromete a:<\/p>\n<p>5.1. Proporcionar a todos los formularios de la web datos veraces y mantener estos datos actualizados. El Usuario se obliga a no utilizar identidades falsas, ni suplantar la identidad de otros en la utilizaci\u00f3n de la Web.<\/p>\n<p>5.2. No utilizar im\u00e1genes o informaci\u00f3n con car\u00e1cter difamatorio, injurioso, obsceno, amenazante, xen\u00f3fobo, que incite a la violencia a la discriminaci\u00f3n por raz\u00f3n de raza, sexo, ideolog\u00eda, religi\u00f3n o que de cualquier forma atente contra la moral, el orden p\u00fablico, los derechos fundamentales, las libertades p\u00fablicas, el honor, la intimidad o la imagen de terceros y por lo general la normativa vigente.<\/p>\n<p>5.3. No introducir, almacenar o difundir cualquier contenido que infrinja derechos de propiedad intelectual e industrial, el secreto de las comunicaciones y la legislaci\u00f3n de protecci\u00f3n de datos de car\u00e1cter personal.<\/p>\n<p>5.4. No utilizar la web para realizar actividades publicitarias, promocionales o de explotaci\u00f3n comercial.<\/p>\n<p>5.5. No introducir, almacenar o difundir ning\u00fan programa de ordenador, datos, virus, c\u00f3digo, equipo de hardware o de telecomunicaciones o cualquier otro instrumento o dispositivo electr\u00f3nico o f\u00edsico que sea susceptible de causar da\u00f1os en la web o de impedir el normal funcionamiento de los mismos.<\/p>\n<p>5.6. No destruir, alterar, utilizar para su uso, inutilizar o da\u00f1ar los datos, informaciones, programas o documentos electr\u00f3nicos de Eduard Seoane, sus proveedores o terceros.<\/p>\n<p>5.7. No introducir o difundir cualquier informaci\u00f3n y contenidos falsos, ambiguos o inexactos de forma que induzca a error a los receptores de la informaci\u00f3n.<\/p>\n<p>6. Menores de Edad<br \/>\nCon car\u00e1cter general, para realizar una compra los menores de edad deben haber obtenido previamente la autorizaci\u00f3n de sus padres, tutores o representantes legales, que ser\u00e1n responsables de todos los actos realizados a trav\u00e9s de la web por los menores a su cargo. En aquellos servicios en los que expresamente se se\u00f1ale o est\u00e9 determinado por ley, el acceso quedar\u00e1 restringido \u00fanica y exclusivamente a mayores de 18 a\u00f1os.<\/p>\n<p>7. Duraci\u00f3n y terminaci\u00f3n<br \/>\nLa puesta a disposici\u00f3n de los productos tendr\u00e1 una duraci\u00f3n indefinida. Sin perjuicio de lo anterior, estamos facultados para dar por terminada, suspender o interrumpir unilateralmente, en cualquier momento y sin necesidad de preaviso, la comercializaci\u00f3n de nuestros productos.<\/p>\n<p>8. Informaci\u00f3n adicional<br \/>\nInformamos que el Grupo Eduard Seoane est\u00e1 formado por las empresas indicadas a continuaci\u00f3n:<\/p>\n<p>Eduard Seoane, con domicilio en Carretera de la Ca\u00f1a, 93, 17800 Olot, Girona y CIF 40326468Q<\/p>\n<p>9. Ley aplicable y jurisdicci\u00f3n<br \/>\nEste Aviso Legal se rige por la ley espa\u00f1ola. Las partes se someten, a elecci\u00f3n, para la resoluci\u00f3n de los conflictos y con renuncia a cualquier otro fuero, en los juzgados y tribunales del domicilio de Olot.<\/p>\n<\/div><\/div><\/div><\/div><\/div>\n","protected":false},"excerpt":{"rendered":"","protected":false},"author":1,"featured_media":0,"parent":0,"menu_order":0,"comment_status":"closed","ping_status":"closed","template":"100-width.php","meta":{"footnotes":""},"class_list":["post-2054","page","type-page","status-publish","hentry"],"_links":{"self":[{"href":"https:\/\/www.larodaskates.com\/es\/wp-json\/wp\/v2\/pages\/2054","targetHints":{"allow":["GET"]}}],"collection":[{"href":"https:\/\/www.larodaskates.com\/es\/wp-json\/wp\/v2\/pages"}],"about":[{"href":"https:\/\/www.larodaskates.com\/es\/wp-json\/wp\/v2\/types\/page"}],"author":[{"embeddable":true,"href":"https:\/\/www.larodaskates.com\/es\/wp-json\/wp\/v2\/users\/1"}],"replies":[{"embeddable":true,"href":"https:\/\/www.larodaskates.com\/es\/wp-json\/wp\/v2\/comments?post=2054"}],"version-history":[{"count":5,"href":"https:\/\/www.larodaskates.com\/es\/wp-json\/wp\/v2\/pages\/2054\/revisions"}],"predecessor-version":[{"id":2136,"href":"https:\/\/www.larodaskates.com\/es\/wp-json\/wp\/v2\/pages\/2054\/revisions\/2136"}],"wp:attachment":[{"href":"https:\/\/www.larodaskates.com\/es\/wp-json\/wp\/v2\/media?parent=2054"}],"curies":[{"name":"wp","href":"https:\/\/api.w.org\/{rel}","templated":true}]}}